{"id":5990,"date":"2024-10-10T13:54:17","date_gmt":"2024-10-10T13:54:17","guid":{"rendered":"https:\/\/www.orearts.com\/?post_type=product&#038;p=5990"},"modified":"2024-10-17T12:30:16","modified_gmt":"2024-10-17T12:30:16","slug":"elegance-ve-dogalligin-bulusmasi-ahsap-kuru-cicek-aranjmani","status":"publish","type":"product","link":"https:\/\/www.orearts.com\/en\/elegance-ve-dogalligin-bulusmasi-ahsap-kuru-cicek-aranjmani\/","title":{"rendered":"Elegance ve Do\u011fall\u0131\u011f\u0131n Bulu\u015fmas\u0131: Ah\u015fap Kuru \u00c7i\u00e7ek Aranjman\u0131"},"content":{"rendered":"<p>Bu \u015f\u0131k ve zarif kuru \u00e7i\u00e7ek aranjman\u0131, pembe ve krem tonlar\u0131n\u0131n ahenkli birle\u015fimiyle modern dekorasyon anlay\u0131\u015f\u0131n\u0131za do\u011fal bir dokunu\u015f kat\u0131yor. Estetik a\u00e7\u0131dan dikkat \u00e7eken bu tasar\u0131m, ah\u015fap taban\u0131yla s\u0131cak bir atmosfer sunarken, her detay\u0131yla el i\u015f\u00e7ili\u011finin inceliklerini yans\u0131t\u0131yor. Minimalist ve sofistike tarz\u0131yla ev ve ofis dekorasyonlar\u0131n\u0131z i\u00e7in ideal bir se\u00e7enek sunar.<\/p>\n<ul>\n<li><strong>Ah\u015fap Taban:<\/strong> Do\u011fal ah\u015faptan yap\u0131lm\u0131\u015f, s\u0131cak dokulu bir taban.<\/li>\n<li><strong>Canl\u0131 Renkler:<\/strong> Pembe ve krem \u00e7i\u00e7eklerin g\u00f6z al\u0131c\u0131 uyumu.<\/li>\n<li><strong>El Yap\u0131m\u0131:<\/strong> \u00d6zenle tasarlanm\u0131\u015f ve \u00fcretilmi\u015ftir.<\/li>\n<li><strong>Dekoratif Kullan\u0131m:<\/strong> Hem masa \u00fcst\u00fcnde hem de konsollarda \u015f\u0131k bir g\u00f6r\u00fcnt\u00fc sa\u011flar.<\/li>\n<\/ul>\n<p><strong>\u0130\u00e7indekiler:<\/strong><\/p>\n<p>Ah\u015fap Vazo<\/p>\n<p>Kurutulmu\u015f \u00c7i\u00e7ekler<\/p>\n<p>Cam T\u00fcpler<\/p>","protected":false},"excerpt":{"rendered":"<p>Do\u011fal malzemelerin modern bir tasar\u0131mla bulu\u015ftu\u011fu harika bir dekoratif \u00e7i\u00e7eklik . Kay\u0131n a\u011fac\u0131 \u00fczerine yerle\u015ftirilmi\u015f kurutulmu\u015f\u00e7i\u00e7ekler duvarlar\u0131n\u0131za renk katarak do\u011fal bir g\u00f6r\u00fcn\u00fcm sa\u011fl\u0131yor.. Sadelik ve \u015f\u0131kl\u0131\u011f\u0131 bir araya getiren bu tasar\u0131m, evinizin her k\u00f6\u015fesinde s\u0131cak ve huzurlu bir atmosfer yaratman\u0131za yard\u0131mc\u0131 olacak. Hem minimalizmi sevenler hem de do\u011fall\u0131ktan vazge\u00e7emeyenler i\u00e7in m\u00fckemmel bir se\u00e7im.<\/p>\n<p>KUTU \u0130\u00c7ER\u0130\u011e\u0130: 1 Adet Ak\u015fap yelpaze duvar<\/p>\n<p>1 adet duvar \u00e7i\u00e7eklik<\/p>\n<p>1 adet demet Kurutulmu\u015f \u00c7i\u00e7ek<\/p>","protected":false},"featured_media":6000,"comment_status":"open","ping_status":"closed","template":"","meta":[],"etheme_brands":[],"product_brand":[],"product_cat":[179],"product_tag":[],"class_list":{"0":"post-5990","1":"product","2":"type-product","3":"status-publish","4":"has-post-thumbnail","6":"product_cat-masa-ustu-mini-vazolar","8":"first","9":"instock","10":"taxable","11":"shipping-taxable","12":"purchasable","13":"product-type-simple"},"_links":{"self":[{"href":"https:\/\/www.orearts.com\/en\/wp-json\/wp\/v2\/product\/5990","targetHints":{"allow":["GET"]}}],"collection":[{"href":"https:\/\/www.orearts.com\/en\/wp-json\/wp\/v2\/product"}],"about":[{"href":"https:\/\/www.orearts.com\/en\/wp-json\/wp\/v2\/types\/product"}],"replies":[{"embeddable":true,"href":"https:\/\/www.orearts.com\/en\/wp-json\/wp\/v2\/comments?post=5990"}],"version-history":[{"count":4,"href":"https:\/\/www.orearts.com\/en\/wp-json\/wp\/v2\/product\/5990\/revisions"}],"predecessor-version":[{"id":6140,"href":"https:\/\/www.orearts.com\/en\/wp-json\/wp\/v2\/product\/5990\/revisions\/6140"}],"wp:featuredmedia":[{"embeddable":true,"href":"https:\/\/www.orearts.com\/en\/wp-json\/wp\/v2\/media\/6000"}],"wp:attachment":[{"href":"https:\/\/www.orearts.com\/en\/wp-json\/wp\/v2\/media?parent=5990"}],"wp:term":[{"taxonomy":"brand","embeddable":true,"href":"https:\/\/www.orearts.com\/en\/wp-json\/wp\/v2\/etheme_brands?post=5990"},{"taxonomy":"product_brand","embeddable":true,"href":"https:\/\/www.orearts.com\/en\/wp-json\/wp\/v2\/product_brand?post=5990"},{"taxonomy":"product_cat","embeddable":true,"href":"https:\/\/www.orearts.com\/en\/wp-json\/wp\/v2\/product_cat?post=5990"},{"taxonomy":"product_tag","embeddable":true,"href":"https:\/\/www.orearts.com\/en\/wp-json\/wp\/v2\/product_tag?post=5990"}],"curies":[{"name":"wp","href":"https:\/\/api.w.org\/{rel}","templated":true}]}}