{"id":5955,"date":"2024-10-10T13:44:47","date_gmt":"2024-10-10T13:44:47","guid":{"rendered":"https:\/\/www.orearts.com\/?post_type=product&#038;p=5955"},"modified":"2024-10-23T08:31:05","modified_gmt":"2024-10-23T08:31:05","slug":"renkli-ve-dogal-kuru-cicek-aranjmani","status":"publish","type":"product","link":"https:\/\/www.orearts.com\/en\/renkli-ve-dogal-kuru-cicek-aranjmani\/","title":{"rendered":"Renkli ve Do\u011fal Kuru \u00c7i\u00e7ek Aranjman\u0131"},"content":{"rendered":"<p>Bu enerjik ve zarif kuru \u00e7i\u00e7ek aranjman\u0131, renkli \u00e7i\u00e7ek saplar\u0131 ve do\u011fal ah\u015fap taban\u0131 ile dikkat \u00e7eker. Her bir \u00e7i\u00e7e\u011fin \u00f6zenle se\u00e7ildi\u011fi bu tasar\u0131m, mutfak, oturma odas\u0131 ya da ofis gibi alanlara s\u0131cak ve samimi bir hava katar. Minimalist yap\u0131s\u0131 ve canl\u0131 renkleriyle mekan\u0131n\u0131za estetik ve do\u011fall\u0131k kazand\u0131r\u0131r.<\/p>\n<ul>\n<li><strong>Ah\u015fap Taban:<\/strong> Do\u011fal dokulara sahip, el yap\u0131m\u0131 ah\u015fap taban.<\/li>\n<li><strong>Renk Kombinasyonu:<\/strong> Turuncu, mavi ve pastel tonlar ile mekana enerji ve canl\u0131l\u0131k katar.<\/li>\n<li><strong>El Yap\u0131m\u0131:<\/strong> \u00d6zenle haz\u0131rlanm\u0131\u015f, her detay el eme\u011fiyle i\u015flenmi\u015ftir.<\/li>\n<li><strong>Cam T\u00fcp:<\/strong> \u00c7i\u00e7eklerin modern ve sade bir tarzda sergilenmesini sa\u011flar.<\/li>\n<li><strong>Minimalist ve \u00c7ok Y\u00f6nl\u00fc Tasar\u0131m:<\/strong> Mutfak, salon ya da ofis dekorasyonuna uyum sa\u011flar.<\/li>\n<\/ul>\n<p><strong>\u0130\u00e7indekiler:<\/strong><\/p>\n<p>Ah\u015fap Vazo<\/p>\n<p>Kurutulmu\u015f \u00c7i\u00e7ekler<\/p>\n<p>Cam T\u00fcpler<\/p>","protected":false},"excerpt":{"rendered":"<p>Bu enerjik ve zarif kuru \u00e7i\u00e7ek aranjman\u0131, renkli \u00e7i\u00e7ek saplar\u0131 ve do\u011fal ah\u015fap taban\u0131 ile dikkat \u00e7eker. Her bir \u00e7i\u00e7e\u011fin \u00f6zenle se\u00e7ildi\u011fi bu tasar\u0131m, mutfak,&#8230;<\/p>","protected":false},"featured_media":5961,"comment_status":"open","ping_status":"closed","template":"","meta":[],"etheme_brands":[],"product_brand":[],"product_cat":[179],"product_tag":[],"class_list":{"0":"post-5955","1":"product","2":"type-product","3":"status-publish","4":"has-post-thumbnail","6":"product_cat-masa-ustu-mini-vazolar","8":"first","9":"instock","10":"taxable","11":"shipping-taxable","12":"purchasable","13":"product-type-simple"},"_links":{"self":[{"href":"https:\/\/www.orearts.com\/en\/wp-json\/wp\/v2\/product\/5955","targetHints":{"allow":["GET"]}}],"collection":[{"href":"https:\/\/www.orearts.com\/en\/wp-json\/wp\/v2\/product"}],"about":[{"href":"https:\/\/www.orearts.com\/en\/wp-json\/wp\/v2\/types\/product"}],"replies":[{"embeddable":true,"href":"https:\/\/www.orearts.com\/en\/wp-json\/wp\/v2\/comments?post=5955"}],"version-history":[{"count":3,"href":"https:\/\/www.orearts.com\/en\/wp-json\/wp\/v2\/product\/5955\/revisions"}],"predecessor-version":[{"id":6118,"href":"https:\/\/www.orearts.com\/en\/wp-json\/wp\/v2\/product\/5955\/revisions\/6118"}],"wp:featuredmedia":[{"embeddable":true,"href":"https:\/\/www.orearts.com\/en\/wp-json\/wp\/v2\/media\/5961"}],"wp:attachment":[{"href":"https:\/\/www.orearts.com\/en\/wp-json\/wp\/v2\/media?parent=5955"}],"wp:term":[{"taxonomy":"brand","embeddable":true,"href":"https:\/\/www.orearts.com\/en\/wp-json\/wp\/v2\/etheme_brands?post=5955"},{"taxonomy":"product_brand","embeddable":true,"href":"https:\/\/www.orearts.com\/en\/wp-json\/wp\/v2\/product_brand?post=5955"},{"taxonomy":"product_cat","embeddable":true,"href":"https:\/\/www.orearts.com\/en\/wp-json\/wp\/v2\/product_cat?post=5955"},{"taxonomy":"product_tag","embeddable":true,"href":"https:\/\/www.orearts.com\/en\/wp-json\/wp\/v2\/product_tag?post=5955"}],"curies":[{"name":"wp","href":"https:\/\/api.w.org\/{rel}","templated":true}]}}