{"id":5922,"date":"2024-10-10T13:37:00","date_gmt":"2024-10-10T13:37:00","guid":{"rendered":"https:\/\/www.orearts.com\/?post_type=product&#038;p=5922"},"modified":"2024-10-17T10:01:54","modified_gmt":"2024-10-17T10:01:54","slug":"rustik-ahsap-tabanli-dogal-basak-aranjmani","status":"publish","type":"product","link":"https:\/\/www.orearts.com\/en\/rustik-ahsap-tabanli-dogal-basak-aranjmani\/","title":{"rendered":"Rustik Ah\u015fap Tabanl\u0131 Do\u011fal Ba\u015fak Aranjman\u0131"},"content":{"rendered":"<p>Bu sade ve zarif ba\u015fak aranjman\u0131, yuvarlat\u0131lm\u0131\u015f ah\u015fap taban\u0131 ve do\u011fal dokusuyla i\u00e7 mekanlara s\u0131cakl\u0131k katar. Cam t\u00fcpte sergilenen krem tonlu kuru ba\u015faklar, minimalist bir estetik sunarak hem modern hem de rustik dekorasyonlarla uyum sa\u011flar. El yap\u0131m\u0131 tasar\u0131m\u0131yla \u00f6ne \u00e7\u0131kan bu par\u00e7a, ya\u015fam alanlar\u0131n\u0131za huzurlu ve dengeli bir atmosfer kazand\u0131r\u0131r.<\/p>\n<ul>\n<li><strong>Ah\u015fap Taban:<\/strong> Rustik detaylara sahip, do\u011fal ah\u015fap ile el yap\u0131m\u0131 taban.<\/li>\n<li><strong>Kuru \u00c7i\u00e7ek Kombinasyonu:<\/strong> Yal\u0131n ve do\u011fal g\u00f6r\u00fcn\u00fcml\u00fc krem ba\u015faklar ile sade bir estetik sunar.<\/li>\n<li><strong>El Yap\u0131m\u0131:<\/strong> Her detay ustal\u0131kla haz\u0131rlanm\u0131\u015ft\u0131r.<\/li>\n<li><strong>Cam T\u00fcp:<\/strong> \u00c7i\u00e7eklerin modern ve \u015feffaf bir \u015fekilde sergilenmesini sa\u011flar.<\/li>\n<li><strong>Minimalist Tasar\u0131m:<\/strong> Hem do\u011fal hem de modern mekanlar i\u00e7in ideal bir dekoratif par\u00e7a.<\/li>\n<\/ul>\n<p><strong>\u0130\u00e7indekiler:<\/strong><\/p>\n<p>Ah\u015fap Vazo<\/p>\n<p>Kurutulmu\u015f \u00c7i\u00e7ekler<\/p>\n<p>Cam T\u00fcpler<\/p>","protected":false},"excerpt":{"rendered":"<p>Bu sade ve zarif ba\u015fak aranjman\u0131, yuvarlat\u0131lm\u0131\u015f ah\u015fap taban\u0131 ve do\u011fal dokusuyla i\u00e7 mekanlara s\u0131cakl\u0131k katar. Cam t\u00fcpte sergilenen krem tonlu kuru ba\u015faklar, minimalist bir&#8230;<\/p>","protected":false},"featured_media":5928,"comment_status":"open","ping_status":"closed","template":"","meta":[],"etheme_brands":[],"product_brand":[],"product_cat":[179],"product_tag":[],"class_list":{"0":"post-5922","1":"product","2":"type-product","3":"status-publish","4":"has-post-thumbnail","6":"product_cat-masa-ustu-mini-vazolar","8":"first","9":"instock","10":"taxable","11":"shipping-taxable","12":"purchasable","13":"product-type-simple"},"_links":{"self":[{"href":"https:\/\/www.orearts.com\/en\/wp-json\/wp\/v2\/product\/5922","targetHints":{"allow":["GET"]}}],"collection":[{"href":"https:\/\/www.orearts.com\/en\/wp-json\/wp\/v2\/product"}],"about":[{"href":"https:\/\/www.orearts.com\/en\/wp-json\/wp\/v2\/types\/product"}],"replies":[{"embeddable":true,"href":"https:\/\/www.orearts.com\/en\/wp-json\/wp\/v2\/comments?post=5922"}],"version-history":[{"count":3,"href":"https:\/\/www.orearts.com\/en\/wp-json\/wp\/v2\/product\/5922\/revisions"}],"predecessor-version":[{"id":6102,"href":"https:\/\/www.orearts.com\/en\/wp-json\/wp\/v2\/product\/5922\/revisions\/6102"}],"wp:featuredmedia":[{"embeddable":true,"href":"https:\/\/www.orearts.com\/en\/wp-json\/wp\/v2\/media\/5928"}],"wp:attachment":[{"href":"https:\/\/www.orearts.com\/en\/wp-json\/wp\/v2\/media?parent=5922"}],"wp:term":[{"taxonomy":"brand","embeddable":true,"href":"https:\/\/www.orearts.com\/en\/wp-json\/wp\/v2\/etheme_brands?post=5922"},{"taxonomy":"product_brand","embeddable":true,"href":"https:\/\/www.orearts.com\/en\/wp-json\/wp\/v2\/product_brand?post=5922"},{"taxonomy":"product_cat","embeddable":true,"href":"https:\/\/www.orearts.com\/en\/wp-json\/wp\/v2\/product_cat?post=5922"},{"taxonomy":"product_tag","embeddable":true,"href":"https:\/\/www.orearts.com\/en\/wp-json\/wp\/v2\/product_tag?post=5922"}],"curies":[{"name":"wp","href":"https:\/\/api.w.org\/{rel}","templated":true}]}}