{"id":5907,"date":"2024-10-10T13:33:21","date_gmt":"2024-10-10T13:33:21","guid":{"rendered":"https:\/\/www.orearts.com\/?post_type=product&#038;p=5907"},"modified":"2024-10-17T09:22:02","modified_gmt":"2024-10-17T09:22:02","slug":"tekli-2","status":"publish","type":"product","link":"https:\/\/www.orearts.com\/en\/tekli-2\/","title":{"rendered":"Dalgal\u0131 Ah\u015fap Tabanda Kuru Ba\u015fak Aranjman\u0131"},"content":{"rendered":"<p>Do\u011fan\u0131n zarif bir yans\u0131mas\u0131 olan bu <strong>Dalgal\u0131 Ah\u015fap Tabanda Kuru Ba\u015fak Aranjman\u0131<\/strong>, sade ve sofistike dekor anlay\u0131\u015f\u0131n\u0131 benimseyenler i\u00e7in tasarland\u0131. \u0130nce ve uzun ba\u015faklar, do\u011fal ah\u015fap tabanla kusursuz bir uyum yakalayarak modern ve rustik tarzlar\u0131n m\u00fckemmel bir birle\u015fimini sunar. Evinize sakin bir do\u011fa esintisi katmak i\u00e7in ideal olan bu dekoratif par\u00e7a, minimalist bir estetik anlay\u0131\u015f\u0131yla \u00f6n plana \u00e7\u0131k\u0131yor. Bu \u00f6zg\u00fcn ve zarif aranjman ile evinizde ya da ofisinizde do\u011fal ve modern bir atmosfer yaratabilirsiniz.<\/p>\n<ul>\n<li><strong>Ah\u015fap Taban:<\/strong> Dalga formundaki taban, ortama hareket katan benzersiz bir dokunu\u015f sa\u011flar.<\/li>\n<li><strong>Kuru Ba\u015faklar:<\/strong> Uzun \u00f6m\u00fcrl\u00fc ve do\u011fal g\u00fczellikleriyle dikkat \u00e7eken ba\u015faklar, mekana do\u011fan\u0131n sadeli\u011fini getirir.<\/li>\n<li><strong>Minimalist Stil:<\/strong> Modern ve do\u011fal bir g\u00f6r\u00fcn\u00fcm yakalamak isteyenler i\u00e7in m\u00fckemmel bir tercih.<\/li>\n<\/ul>\n<p><strong>\u0130\u00e7erikler:<\/strong><\/p>\n<p>1 Adet Ah\u015fap Vazo<\/p>\n<p>Cam T\u00fcpler<\/p>\n<p>Kurutulmu\u015f \u00c7i\u00e7ekler<\/p>","protected":false},"excerpt":{"rendered":"<p>Do\u011fan\u0131n zarif bir yans\u0131mas\u0131 olan bu Dalgal\u0131 Ah\u015fap Tabanda Kuru Ba\u015fak Aranjman\u0131, sade ve sofistike dekor anlay\u0131\u015f\u0131n\u0131 benimseyenler i\u00e7in tasarland\u0131. \u0130nce ve uzun ba\u015faklar, do\u011fal&#8230;<\/p>","protected":false},"featured_media":5911,"comment_status":"open","ping_status":"closed","template":"","meta":[],"etheme_brands":[],"product_brand":[],"product_cat":[179],"product_tag":[],"class_list":{"0":"post-5907","1":"product","2":"type-product","3":"status-publish","4":"has-post-thumbnail","6":"product_cat-masa-ustu-mini-vazolar","8":"first","9":"instock","10":"taxable","11":"shipping-taxable","12":"purchasable","13":"product-type-simple"},"_links":{"self":[{"href":"https:\/\/www.orearts.com\/en\/wp-json\/wp\/v2\/product\/5907","targetHints":{"allow":["GET"]}}],"collection":[{"href":"https:\/\/www.orearts.com\/en\/wp-json\/wp\/v2\/product"}],"about":[{"href":"https:\/\/www.orearts.com\/en\/wp-json\/wp\/v2\/types\/product"}],"replies":[{"embeddable":true,"href":"https:\/\/www.orearts.com\/en\/wp-json\/wp\/v2\/comments?post=5907"}],"version-history":[{"count":3,"href":"https:\/\/www.orearts.com\/en\/wp-json\/wp\/v2\/product\/5907\/revisions"}],"predecessor-version":[{"id":6088,"href":"https:\/\/www.orearts.com\/en\/wp-json\/wp\/v2\/product\/5907\/revisions\/6088"}],"wp:featuredmedia":[{"embeddable":true,"href":"https:\/\/www.orearts.com\/en\/wp-json\/wp\/v2\/media\/5911"}],"wp:attachment":[{"href":"https:\/\/www.orearts.com\/en\/wp-json\/wp\/v2\/media?parent=5907"}],"wp:term":[{"taxonomy":"brand","embeddable":true,"href":"https:\/\/www.orearts.com\/en\/wp-json\/wp\/v2\/etheme_brands?post=5907"},{"taxonomy":"product_brand","embeddable":true,"href":"https:\/\/www.orearts.com\/en\/wp-json\/wp\/v2\/product_brand?post=5907"},{"taxonomy":"product_cat","embeddable":true,"href":"https:\/\/www.orearts.com\/en\/wp-json\/wp\/v2\/product_cat?post=5907"},{"taxonomy":"product_tag","embeddable":true,"href":"https:\/\/www.orearts.com\/en\/wp-json\/wp\/v2\/product_tag?post=5907"}],"curies":[{"name":"wp","href":"https:\/\/api.w.org\/{rel}","templated":true}]}}