{"id":5894,"date":"2024-10-10T12:51:32","date_gmt":"2024-10-10T12:51:32","guid":{"rendered":"https:\/\/www.orearts.com\/?post_type=product&#038;p=5894"},"modified":"2024-10-23T12:27:52","modified_gmt":"2024-10-23T12:27:52","slug":"duvar-zarafeti-koleksiyonu","status":"publish","type":"product","link":"https:\/\/www.orearts.com\/en\/duvar-zarafeti-koleksiyonu\/","title":{"rendered":"Duvar Zarafeti Koleksiyonu"},"content":{"rendered":"<p><strong>Duvar Zarafeti Koleksiyonu<\/strong>, sade ve do\u011fal tasar\u0131m\u0131yla duvarlar\u0131n\u0131za estetik bir dokunu\u015f getirir. El yap\u0131m\u0131 ah\u015fap tabanlar \u00fczerine yerle\u015ftirilen kurutulmu\u015f \u00e7i\u00e7ekler, her mek\u00e2na zarif ve sofistike bir atmosfer kazand\u0131r\u0131r. Bu minimalist vazo tasar\u0131m\u0131, hem duvarlar\u0131n\u0131z\u0131 s\u00fcslemek hem de do\u011fan\u0131n s\u0131cakl\u0131\u011f\u0131n\u0131 ya\u015fam alanlar\u0131n\u0131za ta\u015f\u0131mak i\u00e7in idealdir. <strong>Duvar Zarafeti Koleksiyonu<\/strong> ile her mek\u00e2nda do\u011fay\u0131 hissetmenin keyfini \u00e7\u0131kar\u0131n!<\/p>\n<ul>\n<li><strong>Dekoratif Kullan\u0131m:<\/strong> Salon, mutfak, koridor ve ofis gibi alanlarda zarif bir aksesuar olarak kullan\u0131labilir.<\/li>\n<li><strong>Kolay Montaj:<\/strong> Pratik ask\u0131 aparat\u0131 ile kolayca duvara monte edilir.<\/li>\n<li><strong>Kolay Bak\u0131m:<\/strong> Tozlanmaya kar\u015f\u0131 hafif temizleme ile uzun s\u00fcreli kullan\u0131m sa\u011flar.<\/li>\n<li><strong>Hediye Alternatifi:<\/strong> \u015e\u0131k ve do\u011fal tasar\u0131m\u0131yla \u00f6zel g\u00fcnlerde hediye etmek i\u00e7in m\u00fckemmel bir se\u00e7enektir.<\/li>\n<\/ul>\n<p>\u0130\u00e7erikler:<\/p>\n<p>3 Adet Ah\u015fap Vazo<\/p>\n<p>Cam T\u00fcpler ve Kurutulmu\u015f \u00c7i\u00e7ekler<\/p>","protected":false},"excerpt":{"rendered":"<p>Duvar Zarafeti Koleksiyonu, sade ve do\u011fal tasar\u0131m\u0131yla duvarlar\u0131n\u0131za estetik bir dokunu\u015f getirir. El yap\u0131m\u0131 ah\u015fap tabanlar \u00fczerine yerle\u015ftirilen kurutulmu\u015f \u00e7i\u00e7ekler, her mek\u00e2na zarif ve sofistike&#8230;<\/p>","protected":false},"featured_media":5902,"comment_status":"open","ping_status":"closed","template":"","meta":[],"etheme_brands":[],"product_brand":[],"product_cat":[184],"product_tag":[],"class_list":{"0":"post-5894","1":"product","2":"type-product","3":"status-publish","4":"has-post-thumbnail","6":"product_cat-setler","8":"first","9":"instock","10":"sale","11":"taxable","12":"shipping-taxable","13":"purchasable","14":"product-type-simple"},"_links":{"self":[{"href":"https:\/\/www.orearts.com\/en\/wp-json\/wp\/v2\/product\/5894","targetHints":{"allow":["GET"]}}],"collection":[{"href":"https:\/\/www.orearts.com\/en\/wp-json\/wp\/v2\/product"}],"about":[{"href":"https:\/\/www.orearts.com\/en\/wp-json\/wp\/v2\/types\/product"}],"replies":[{"embeddable":true,"href":"https:\/\/www.orearts.com\/en\/wp-json\/wp\/v2\/comments?post=5894"}],"version-history":[{"count":3,"href":"https:\/\/www.orearts.com\/en\/wp-json\/wp\/v2\/product\/5894\/revisions"}],"predecessor-version":[{"id":6082,"href":"https:\/\/www.orearts.com\/en\/wp-json\/wp\/v2\/product\/5894\/revisions\/6082"}],"wp:featuredmedia":[{"embeddable":true,"href":"https:\/\/www.orearts.com\/en\/wp-json\/wp\/v2\/media\/5902"}],"wp:attachment":[{"href":"https:\/\/www.orearts.com\/en\/wp-json\/wp\/v2\/media?parent=5894"}],"wp:term":[{"taxonomy":"brand","embeddable":true,"href":"https:\/\/www.orearts.com\/en\/wp-json\/wp\/v2\/etheme_brands?post=5894"},{"taxonomy":"product_brand","embeddable":true,"href":"https:\/\/www.orearts.com\/en\/wp-json\/wp\/v2\/product_brand?post=5894"},{"taxonomy":"product_cat","embeddable":true,"href":"https:\/\/www.orearts.com\/en\/wp-json\/wp\/v2\/product_cat?post=5894"},{"taxonomy":"product_tag","embeddable":true,"href":"https:\/\/www.orearts.com\/en\/wp-json\/wp\/v2\/product_tag?post=5894"}],"curies":[{"name":"wp","href":"https:\/\/api.w.org\/{rel}","templated":true}]}}