{"id":5885,"date":"2024-10-10T12:46:05","date_gmt":"2024-10-10T12:46:05","guid":{"rendered":"https:\/\/www.orearts.com\/?post_type=product&#038;p=5885"},"modified":"2026-01-18T15:08:52","modified_gmt":"2026-01-18T15:08:52","slug":"sonbaharin-dokunuslari-serisi","status":"publish","type":"product","link":"https:\/\/www.orearts.com\/en\/sonbaharin-dokunuslari-serisi\/","title":{"rendered":"Sonbahar\u0131n Dokunu\u015flar\u0131 Serisi"},"content":{"rendered":"<p><strong>Sonbahar\u0131n Dokunu\u015flar\u0131 Serisi<\/strong>, mevsimin huzur verici renklerini ve do\u011fal dokular\u0131n\u0131 bir araya getirerek mek\u00e2nlar\u0131n\u0131za s\u0131cakl\u0131k kat\u0131yor. El yap\u0131m\u0131 ah\u015fap tabanlar \u00fczerine yerle\u015ftirilmi\u015f turuncu, krem ve ye\u015fil tonlar\u0131ndaki kurutulmu\u015f bitkiler, do\u011fan\u0131n zarafetini evinize ta\u015f\u0131yor. Minimalist cam t\u00fcpler i\u00e7indeki kuru \u00e7i\u00e7ekler, do\u011fadan esinlenen tasar\u0131m\u0131yla g\u00f6z al\u0131c\u0131 bir atmosfer sunar. <strong>Sonbahar\u0131n Dokunu\u015flar\u0131 Serisi<\/strong> ile her mevsim evinizde huzuru ve esteti\u011fi hissedin!<\/p>\n<ul>\n<li><strong>Dekoratif Kullan\u0131m:<\/strong> Salon, yatak odas\u0131, mutfak ve ofis gibi \u00e7e\u015fitli alanlarda kullan\u0131labilir.<\/li>\n<li><strong>Kolay Bak\u0131m:<\/strong> Hafif toz al\u0131m\u0131 ile \u00e7i\u00e7eklerin esteti\u011fi uzun s\u00fcre korunur.<\/li>\n<li><strong>Hediye Alternatifi:<\/strong> Do\u011fal dokunu\u015flar sunan bu seri, sevdikleriniz i\u00e7in anlaml\u0131 ve estetik bir hediye se\u00e7ene\u011fidir.<\/li>\n<\/ul>\n<p><strong>\u0130\u00e7erikler:<\/strong><\/p>\n<p>3 Adet Ah\u015fap Vazo<\/p>\n<p>Cam T\u00fcpler ve Kurutulmu\u015f \u00c7i\u00e7ekler<\/p>","protected":false},"excerpt":{"rendered":"<p>Sonbahar\u0131n Dokunu\u015flar\u0131 Serisi, mevsimin huzur verici renklerini ve do\u011fal dokular\u0131n\u0131 bir araya getirerek mek\u00e2nlar\u0131n\u0131za s\u0131cakl\u0131k kat\u0131yor. El yap\u0131m\u0131 ah\u015fap tabanlar \u00fczerine yerle\u015ftirilmi\u015f turuncu, krem ve&#8230;<\/p>","protected":false},"featured_media":5891,"comment_status":"open","ping_status":"closed","template":"","meta":[],"etheme_brands":[],"product_brand":[],"product_cat":[184],"product_tag":[],"class_list":{"0":"post-5885","1":"product","2":"type-product","3":"status-publish","4":"has-post-thumbnail","6":"product_cat-setler","8":"first","9":"instock","10":"sale","11":"taxable","12":"shipping-taxable","13":"purchasable","14":"product-type-simple"},"_links":{"self":[{"href":"https:\/\/www.orearts.com\/en\/wp-json\/wp\/v2\/product\/5885","targetHints":{"allow":["GET"]}}],"collection":[{"href":"https:\/\/www.orearts.com\/en\/wp-json\/wp\/v2\/product"}],"about":[{"href":"https:\/\/www.orearts.com\/en\/wp-json\/wp\/v2\/types\/product"}],"replies":[{"embeddable":true,"href":"https:\/\/www.orearts.com\/en\/wp-json\/wp\/v2\/comments?post=5885"}],"version-history":[{"count":3,"href":"https:\/\/www.orearts.com\/en\/wp-json\/wp\/v2\/product\/5885\/revisions"}],"predecessor-version":[{"id":6078,"href":"https:\/\/www.orearts.com\/en\/wp-json\/wp\/v2\/product\/5885\/revisions\/6078"}],"wp:featuredmedia":[{"embeddable":true,"href":"https:\/\/www.orearts.com\/en\/wp-json\/wp\/v2\/media\/5891"}],"wp:attachment":[{"href":"https:\/\/www.orearts.com\/en\/wp-json\/wp\/v2\/media?parent=5885"}],"wp:term":[{"taxonomy":"brand","embeddable":true,"href":"https:\/\/www.orearts.com\/en\/wp-json\/wp\/v2\/etheme_brands?post=5885"},{"taxonomy":"product_brand","embeddable":true,"href":"https:\/\/www.orearts.com\/en\/wp-json\/wp\/v2\/product_brand?post=5885"},{"taxonomy":"product_cat","embeddable":true,"href":"https:\/\/www.orearts.com\/en\/wp-json\/wp\/v2\/product_cat?post=5885"},{"taxonomy":"product_tag","embeddable":true,"href":"https:\/\/www.orearts.com\/en\/wp-json\/wp\/v2\/product_tag?post=5885"}],"curies":[{"name":"wp","href":"https:\/\/api.w.org\/{rel}","templated":true}]}}