{"id":5804,"date":"2024-09-13T08:16:02","date_gmt":"2024-09-13T08:16:02","guid":{"rendered":"https:\/\/www.orearts.com\/?post_type=product&#038;p=5804"},"modified":"2024-10-21T13:26:33","modified_gmt":"2024-10-21T13:26:33","slug":"ahsap-duvar-vazosuyla-sik-ve-minimal-dokunus","status":"publish","type":"product","link":"https:\/\/www.orearts.com\/en\/ahsap-duvar-vazosuyla-sik-ve-minimal-dokunus\/","title":{"rendered":"Ah\u015fap Duvar Vazosuyla \u015e\u0131k ve Minimal Dokunu\u015f"},"content":{"rendered":"<p>Bu estetik ah\u015fap duvar vazosu, hem sade hem de modern dekor arayanlar i\u00e7in m\u00fckemmel bir tercihtir. Do\u011fal ah\u015fap yap\u0131s\u0131 ve zarif \u00e7i\u00e7ek aranjman\u0131 ile duvarlar\u0131n\u0131za sanatsal bir atmosfer katar. Evde, ofiste veya kafede kullanarak bo\u015f duvarlar\u0131 etkileyici bir dekor \u00f6\u011fesine d\u00f6n\u00fc\u015ft\u00fcrebilirsiniz.<\/p>\n<ul>\n<li><strong>Malzeme:<\/strong> Do\u011fal ah\u015fap g\u00f6vde<\/li>\n<li><strong>\u0130\u00e7erik:<\/strong> Kurutulmu\u015f ve renkli dekoratif \u00e7i\u00e7ekler<\/li>\n<li><strong>Montaj:<\/strong> Duvara kolayca monte edilebilir tasar\u0131m<\/li>\n<li><strong>Kullan\u0131m Alan\u0131:<\/strong> Ev, ofis, kafe ve oteller i\u00e7in ideal<\/li>\n<\/ul>\n<p>&nbsp;<\/p>\n<p><strong>KUTU \u0130\u00c7ER\u0130\u011e\u0130:<\/strong><\/p>\n<p>1 Adet Ah\u015fap yelpaze duvar duvar \u00e7i\u00e7eklik<br \/>\n1 demet Kurutulmu\u015f \u00c7i\u00e7ek<\/p>","protected":false},"excerpt":{"rendered":"<p>Bu estetik ah\u015fap duvar vazosu, hem sade hem de modern dekor arayanlar i\u00e7in m\u00fckemmel bir tercihtir. Do\u011fal ah\u015fap yap\u0131s\u0131 ve zarif \u00e7i\u00e7ek aranjman\u0131 ile duvarlar\u0131n\u0131za&#8230;<\/p>","protected":false},"featured_media":5805,"comment_status":"open","ping_status":"closed","template":"","meta":[],"etheme_brands":[],"product_brand":[],"product_cat":[182],"product_tag":[],"class_list":{"0":"post-5804","1":"product","2":"type-product","3":"status-publish","4":"has-post-thumbnail","6":"product_cat-duvar-cicek-vazolari","8":"first","9":"instock","10":"taxable","11":"shipping-taxable","12":"purchasable","13":"product-type-simple"},"_links":{"self":[{"href":"https:\/\/www.orearts.com\/en\/wp-json\/wp\/v2\/product\/5804","targetHints":{"allow":["GET"]}}],"collection":[{"href":"https:\/\/www.orearts.com\/en\/wp-json\/wp\/v2\/product"}],"about":[{"href":"https:\/\/www.orearts.com\/en\/wp-json\/wp\/v2\/types\/product"}],"replies":[{"embeddable":true,"href":"https:\/\/www.orearts.com\/en\/wp-json\/wp\/v2\/comments?post=5804"}],"version-history":[{"count":3,"href":"https:\/\/www.orearts.com\/en\/wp-json\/wp\/v2\/product\/5804\/revisions"}],"predecessor-version":[{"id":6236,"href":"https:\/\/www.orearts.com\/en\/wp-json\/wp\/v2\/product\/5804\/revisions\/6236"}],"wp:featuredmedia":[{"embeddable":true,"href":"https:\/\/www.orearts.com\/en\/wp-json\/wp\/v2\/media\/5805"}],"wp:attachment":[{"href":"https:\/\/www.orearts.com\/en\/wp-json\/wp\/v2\/media?parent=5804"}],"wp:term":[{"taxonomy":"brand","embeddable":true,"href":"https:\/\/www.orearts.com\/en\/wp-json\/wp\/v2\/etheme_brands?post=5804"},{"taxonomy":"product_brand","embeddable":true,"href":"https:\/\/www.orearts.com\/en\/wp-json\/wp\/v2\/product_brand?post=5804"},{"taxonomy":"product_cat","embeddable":true,"href":"https:\/\/www.orearts.com\/en\/wp-json\/wp\/v2\/product_cat?post=5804"},{"taxonomy":"product_tag","embeddable":true,"href":"https:\/\/www.orearts.com\/en\/wp-json\/wp\/v2\/product_tag?post=5804"}],"curies":[{"name":"wp","href":"https:\/\/api.w.org\/{rel}","templated":true}]}}