{"id":5786,"date":"2024-09-13T07:43:59","date_gmt":"2024-09-13T07:43:59","guid":{"rendered":"https:\/\/www.orearts.com\/?post_type=product&#038;p=5786"},"modified":"2024-10-21T13:39:25","modified_gmt":"2024-10-21T13:39:25","slug":"zarif-ahsap-duvar-vazosu-ile-minimalist-dekorasyon","status":"publish","type":"product","link":"https:\/\/www.orearts.com\/en\/zarif-ahsap-duvar-vazosu-ile-minimalist-dekorasyon\/","title":{"rendered":"Zarif Ah\u015fap Duvar Vazosu ile Minimalist Dekorasyon"},"content":{"rendered":"<p>Bu \u015f\u0131k ah\u015fap duvar vazosu, do\u011fal dokusu ve sade tasar\u0131m\u0131yla minimalist dekorasyon anlay\u0131\u015f\u0131n\u0131 benimseyenler i\u00e7in ideal bir se\u00e7imdir. Vazoda yer alan turuncu ve beyaz kuru \u00e7i\u00e7ekler, bulundu\u011fu ortam\u0131 canland\u0131r\u0131rken s\u0131cak bir hava katar. Her t\u00fcrl\u00fc ya\u015fam alan\u0131na zarif ve huzurlu bir dokunu\u015f sunar.<\/p>\n<ul>\n<li><strong>Malzeme:<\/strong> Do\u011fal ah\u015fap g\u00f6vde<\/li>\n<li><strong>\u0130\u00e7erik:<\/strong> Turuncu ve beyaz kuru \u00e7i\u00e7ekler<\/li>\n<li><strong>Kullan\u0131m Alan\u0131:<\/strong> Ev, ofis, otel, kafe dekorasyonu<\/li>\n<li><strong>Bak\u0131m:<\/strong> Hafif nemli bir bezle silinmesi \u00f6nerilir<\/li>\n<\/ul>\n<h2><strong>KUTU \u0130\u00c7ER\u0130\u011e\u0130:<\/strong><\/h2>\n<p>1 Adet Ah\u015fap lale duvar vazosu<br \/>\n1 demet Kurutulmu\u015f \u00c7i\u00e7ek<\/p>","protected":false},"excerpt":{"rendered":"<p>Bu \u015f\u0131k ah\u015fap duvar vazosu, do\u011fal dokusu ve sade tasar\u0131m\u0131yla minimalist dekorasyon anlay\u0131\u015f\u0131n\u0131 benimseyenler i\u00e7in ideal bir se\u00e7imdir. Vazoda yer alan turuncu ve beyaz kuru&#8230;<\/p>","protected":false},"featured_media":5787,"comment_status":"open","ping_status":"closed","template":"","meta":[],"etheme_brands":[],"product_brand":[],"product_cat":[182],"product_tag":[],"class_list":{"0":"post-5786","1":"product","2":"type-product","3":"status-publish","4":"has-post-thumbnail","6":"product_cat-duvar-cicek-vazolari","8":"first","9":"instock","10":"taxable","11":"shipping-taxable","12":"purchasable","13":"product-type-simple"},"_links":{"self":[{"href":"https:\/\/www.orearts.com\/en\/wp-json\/wp\/v2\/product\/5786","targetHints":{"allow":["GET"]}}],"collection":[{"href":"https:\/\/www.orearts.com\/en\/wp-json\/wp\/v2\/product"}],"about":[{"href":"https:\/\/www.orearts.com\/en\/wp-json\/wp\/v2\/types\/product"}],"replies":[{"embeddable":true,"href":"https:\/\/www.orearts.com\/en\/wp-json\/wp\/v2\/comments?post=5786"}],"version-history":[{"count":2,"href":"https:\/\/www.orearts.com\/en\/wp-json\/wp\/v2\/product\/5786\/revisions"}],"predecessor-version":[{"id":6247,"href":"https:\/\/www.orearts.com\/en\/wp-json\/wp\/v2\/product\/5786\/revisions\/6247"}],"wp:featuredmedia":[{"embeddable":true,"href":"https:\/\/www.orearts.com\/en\/wp-json\/wp\/v2\/media\/5787"}],"wp:attachment":[{"href":"https:\/\/www.orearts.com\/en\/wp-json\/wp\/v2\/media?parent=5786"}],"wp:term":[{"taxonomy":"brand","embeddable":true,"href":"https:\/\/www.orearts.com\/en\/wp-json\/wp\/v2\/etheme_brands?post=5786"},{"taxonomy":"product_brand","embeddable":true,"href":"https:\/\/www.orearts.com\/en\/wp-json\/wp\/v2\/product_brand?post=5786"},{"taxonomy":"product_cat","embeddable":true,"href":"https:\/\/www.orearts.com\/en\/wp-json\/wp\/v2\/product_cat?post=5786"},{"taxonomy":"product_tag","embeddable":true,"href":"https:\/\/www.orearts.com\/en\/wp-json\/wp\/v2\/product_tag?post=5786"}],"curies":[{"name":"wp","href":"https:\/\/api.w.org\/{rel}","templated":true}]}}