{"id":5247,"date":"2024-07-12T14:14:40","date_gmt":"2024-07-12T14:14:40","guid":{"rendered":"https:\/\/www.orearts.com\/?post_type=product&#038;p=5247"},"modified":"2024-10-21T12:42:52","modified_gmt":"2024-10-21T12:42:52","slug":"dogal-ahsap-vazo-ve-yesil-bitkiyle-minimal-sofra-dekoru","status":"publish","type":"product","link":"https:\/\/www.orearts.com\/en\/dogal-ahsap-vazo-ve-yesil-bitkiyle-minimal-sofra-dekoru\/","title":{"rendered":"Do\u011fal Ah\u015fap Vazo ve Ye\u015fil Bitkiyle Minimal Sofra Dekoru"},"content":{"rendered":"<p>Bu do\u011fal ah\u015fap vazo, minimalist ve modern tasar\u0131m\u0131 ile her ortama s\u0131cakl\u0131k katar. Cam t\u00fcp i\u00e7erisindeki ye\u015fil bitki, tazeli\u011fiyle bulundu\u011fu mekana enerji verirken, sade tasar\u0131m\u0131 sayesinde farkl\u0131 dekoratif tarzlarla kolayca uyum sa\u011flar. Yemek masas\u0131, ofis k\u00f6\u015fesi veya \u00f6zel etkinliklerde \u015f\u0131k ve zarif bir detay olarak kullan\u0131labilir.<\/p>\n<ul>\n<li><strong>Malzeme:<\/strong> Do\u011fal ah\u015fap taban, cam t\u00fcp<\/li>\n<li><strong>Boyut:<\/strong> Kompakt ve zarif tasar\u0131m<\/li>\n<li><strong>\u0130\u00e7erik:<\/strong> Ye\u015fil yaprakl\u0131 canl\u0131 bitki<\/li>\n<li><strong>Kullan\u0131m Alan\u0131:<\/strong> Sofra d\u00fczeni, ofis dekoru, restoranlar, etkinlik dekorasyonu<\/li>\n<\/ul>\n<p><strong>KUTU \u0130\u00c7ER\u0130\u011e\u0130:<\/strong><br \/>\n1 Adet Ah\u015fap Siilindir MiniVazo<br \/>\n1 Adet Cam T\u00fcp<br \/>\n1 Demet Kurutulmu\u015f \u00c7i\u00e7ek<\/p>","protected":false},"excerpt":{"rendered":"<p>Bu do\u011fal ah\u015fap vazo, minimalist ve modern tasar\u0131m\u0131 ile her ortama s\u0131cakl\u0131k katar. Cam t\u00fcp i\u00e7erisindeki ye\u015fil bitki, tazeli\u011fiyle bulundu\u011fu mekana enerji verirken, sade tasar\u0131m\u0131&#8230;<\/p>","protected":false},"featured_media":5258,"comment_status":"open","ping_status":"closed","template":"","meta":[],"etheme_brands":[],"product_brand":[],"product_cat":[179],"product_tag":[],"class_list":{"0":"post-5247","1":"product","2":"type-product","3":"status-publish","4":"has-post-thumbnail","6":"product_cat-masa-ustu-mini-vazolar","8":"first","9":"instock","10":"taxable","11":"shipping-taxable","12":"purchasable","13":"product-type-simple"},"_links":{"self":[{"href":"https:\/\/www.orearts.com\/en\/wp-json\/wp\/v2\/product\/5247","targetHints":{"allow":["GET"]}}],"collection":[{"href":"https:\/\/www.orearts.com\/en\/wp-json\/wp\/v2\/product"}],"about":[{"href":"https:\/\/www.orearts.com\/en\/wp-json\/wp\/v2\/types\/product"}],"replies":[{"embeddable":true,"href":"https:\/\/www.orearts.com\/en\/wp-json\/wp\/v2\/comments?post=5247"}],"version-history":[{"count":4,"href":"https:\/\/www.orearts.com\/en\/wp-json\/wp\/v2\/product\/5247\/revisions"}],"predecessor-version":[{"id":6211,"href":"https:\/\/www.orearts.com\/en\/wp-json\/wp\/v2\/product\/5247\/revisions\/6211"}],"wp:featuredmedia":[{"embeddable":true,"href":"https:\/\/www.orearts.com\/en\/wp-json\/wp\/v2\/media\/5258"}],"wp:attachment":[{"href":"https:\/\/www.orearts.com\/en\/wp-json\/wp\/v2\/media?parent=5247"}],"wp:term":[{"taxonomy":"brand","embeddable":true,"href":"https:\/\/www.orearts.com\/en\/wp-json\/wp\/v2\/etheme_brands?post=5247"},{"taxonomy":"product_brand","embeddable":true,"href":"https:\/\/www.orearts.com\/en\/wp-json\/wp\/v2\/product_brand?post=5247"},{"taxonomy":"product_cat","embeddable":true,"href":"https:\/\/www.orearts.com\/en\/wp-json\/wp\/v2\/product_cat?post=5247"},{"taxonomy":"product_tag","embeddable":true,"href":"https:\/\/www.orearts.com\/en\/wp-json\/wp\/v2\/product_tag?post=5247"}],"curies":[{"name":"wp","href":"https:\/\/api.w.org\/{rel}","templated":true}]}}