{"id":5164,"date":"2024-07-08T19:39:07","date_gmt":"2024-07-08T19:39:07","guid":{"rendered":"https:\/\/www.orearts.com\/?post_type=product&#038;p=5164"},"modified":"2024-11-25T13:55:57","modified_gmt":"2024-11-25T13:55:57","slug":"renkli-tavsan-kuyrugu-otlari-ile-ahsap-vazo-seti","status":"publish","type":"product","link":"https:\/\/www.orearts.com\/en\/renkli-tavsan-kuyrugu-otlari-ile-ahsap-vazo-seti\/","title":{"rendered":"Renkli Tav\u015fan Kuyru\u011fu Otlar\u0131 ile Ah\u015fap Vazo Seti"},"content":{"rendered":"<p>Bu \u00fc\u00e7l\u00fc cam t\u00fcpl\u00fc ah\u015fap vazo, tav\u015fan kuyru\u011fu otlar\u0131n\u0131n canl\u0131 renkleriyle sofran\u0131za veya mekan\u0131n\u0131za hareketli bir hava kat\u0131yor. Bordo, turkuaz ve turuncu renklerin uyumlu birle\u015fimi, hem modern hem de do\u011fal bir dekorasyon i\u00e7in ideal bir tercih sunar. Minimalist tasar\u0131m\u0131 sayesinde dar alanlarda bile etkileyici bir detay yarat\u0131r.<\/p>\n<ul>\n<li><strong>Malzeme:<\/strong> Do\u011fal ah\u015fap taban ve cam t\u00fcpler<\/li>\n<li><strong>Bitki T\u00fcr\u00fc:<\/strong> Kurutulmu\u015f renkli tav\u015fan kuyru\u011fu otlar\u0131<\/li>\n<li><strong>Kullan\u0131m Alan\u0131:<\/strong> Sofra, ofis k\u00f6\u015feleri, kafe ve restoran dekorasyonu<\/li>\n<li><strong>Boyut:<\/strong> Kompakt yap\u0131s\u0131yla kolayca ta\u015f\u0131nabilir<\/li>\n<\/ul>\n<p><strong>KUTU \u0130\u00c7ER\u0130\u011e\u0130:<\/strong><br \/>\n1 Adet Ah\u015fap 3 l\u00fc MiniVazo<br \/>\n3 Adet Cam T\u00fcp<br \/>\n1 Demet Kurutulmu\u015f \u00c7i\u00e7ek<\/p>","protected":false},"excerpt":{"rendered":"<p>Bu \u00fc\u00e7l\u00fc cam t\u00fcpl\u00fc ah\u015fap vazo, tav\u015fan kuyru\u011fu otlar\u0131n\u0131n canl\u0131 renkleriyle sofran\u0131za veya mekan\u0131n\u0131za hareketli bir hava kat\u0131yor. Bordo, turkuaz ve turuncu renklerin uyumlu birle\u015fimi,&#8230;<\/p>","protected":false},"featured_media":4515,"comment_status":"open","ping_status":"closed","template":"","meta":[],"etheme_brands":[],"product_brand":[],"product_cat":[179],"product_tag":[],"class_list":{"0":"post-5164","1":"product","2":"type-product","3":"status-publish","4":"has-post-thumbnail","6":"product_cat-masa-ustu-mini-vazolar","8":"first","9":"instock","10":"taxable","11":"shipping-taxable","12":"purchasable","13":"product-type-simple"},"_links":{"self":[{"href":"https:\/\/www.orearts.com\/en\/wp-json\/wp\/v2\/product\/5164","targetHints":{"allow":["GET"]}}],"collection":[{"href":"https:\/\/www.orearts.com\/en\/wp-json\/wp\/v2\/product"}],"about":[{"href":"https:\/\/www.orearts.com\/en\/wp-json\/wp\/v2\/types\/product"}],"replies":[{"embeddable":true,"href":"https:\/\/www.orearts.com\/en\/wp-json\/wp\/v2\/comments?post=5164"}],"version-history":[{"count":5,"href":"https:\/\/www.orearts.com\/en\/wp-json\/wp\/v2\/product\/5164\/revisions"}],"predecessor-version":[{"id":6214,"href":"https:\/\/www.orearts.com\/en\/wp-json\/wp\/v2\/product\/5164\/revisions\/6214"}],"wp:featuredmedia":[{"embeddable":true,"href":"https:\/\/www.orearts.com\/en\/wp-json\/wp\/v2\/media\/4515"}],"wp:attachment":[{"href":"https:\/\/www.orearts.com\/en\/wp-json\/wp\/v2\/media?parent=5164"}],"wp:term":[{"taxonomy":"brand","embeddable":true,"href":"https:\/\/www.orearts.com\/en\/wp-json\/wp\/v2\/etheme_brands?post=5164"},{"taxonomy":"product_brand","embeddable":true,"href":"https:\/\/www.orearts.com\/en\/wp-json\/wp\/v2\/product_brand?post=5164"},{"taxonomy":"product_cat","embeddable":true,"href":"https:\/\/www.orearts.com\/en\/wp-json\/wp\/v2\/product_cat?post=5164"},{"taxonomy":"product_tag","embeddable":true,"href":"https:\/\/www.orearts.com\/en\/wp-json\/wp\/v2\/product_tag?post=5164"}],"curies":[{"name":"wp","href":"https:\/\/api.w.org\/{rel}","templated":true}]}}