{"id":5887,"date":"2024-10-10T12:46:12","date_gmt":"2024-10-10T12:46:12","guid":{"rendered":"https:\/\/www.orearts.com\/?post_type=product&#038;p=5887"},"modified":"2024-10-23T12:27:50","modified_gmt":"2024-10-23T12:27:50","slug":"doganin-renkleri-koleksiyonu","status":"publish","type":"product","link":"https:\/\/www.orearts.com\/ar\/doganin-renkleri-koleksiyonu\/","title":{"rendered":"Do\u011fan\u0131n Renkleri Koleksiyonu"},"content":{"rendered":"<p><strong>Do\u011fan\u0131n Renkleri Koleksiyonu<\/strong>, sar\u0131, turuncu ve krem tonlar\u0131n\u0131n do\u011fadan ilham alan bir uyumla sunuldu\u011fu zarif bir dekorasyon serisidir. El yap\u0131m\u0131 ah\u015fap tabanlarla desteklenen kurutulmu\u015f bitkiler, ya\u015fam alanlar\u0131n\u0131za s\u0131cakl\u0131k ve huzur katar. Tasar\u0131mda kullan\u0131lan minimalist cam t\u00fcpler, bitkilerin do\u011fal dokular\u0131n\u0131 \u00f6n plana \u00e7\u0131kararak modern ve sofistike bir estetik sunar. <strong>Do\u011fan\u0131n Renkleri Koleksiyonu<\/strong> ile her mek\u00e2nda do\u011fal estetik hissini ya\u015fay\u0131n!<\/p>\n<ul>\n<li><strong>Dekoratif Kullan\u0131m:<\/strong> Salon, ofis veya mutfak gibi farkl\u0131 alanlarda kullan\u0131ma uygundur.<\/li>\n<li><strong>Kolay Bak\u0131m:<\/strong> Uzun \u00f6m\u00fcrl\u00fc kurutulmu\u015f \u00e7i\u00e7ekler, d\u00fczenli hafif toz al\u0131m\u0131 ile ilk g\u00fcnk\u00fc gibi kal\u0131r.<\/li>\n<li><strong>Hediye Alternatifi:<\/strong> Do\u011fal ve estetik yap\u0131s\u0131yla \u00f6zel g\u00fcnlerde \u015f\u0131k bir hediye se\u00e7ene\u011fidir.<\/li>\n<\/ul>\n<p>\u0130\u00e7erikler:<\/p>\n<p>3 Adet Ah\u015fap Vazo<\/p>\n<p>Kurutulmu\u015f \u00c7i\u00e7ekler ve Cam T\u00fcpler<\/p>","protected":false},"excerpt":{"rendered":"<p>Do\u011fan\u0131n Renkleri Koleksiyonu, sar\u0131, turuncu ve krem tonlar\u0131n\u0131n do\u011fadan ilham alan bir uyumla sunuldu\u011fu zarif bir dekorasyon serisidir. El yap\u0131m\u0131 ah\u015fap tabanlarla desteklenen kurutulmu\u015f bitkiler,&#8230;<\/p>","protected":false},"featured_media":5893,"comment_status":"open","ping_status":"closed","template":"","meta":[],"etheme_brands":[],"product_brand":[],"product_cat":[184],"product_tag":[],"class_list":{"0":"post-5887","1":"product","2":"type-product","3":"status-publish","4":"has-post-thumbnail","6":"product_cat-setler","8":"first","9":"instock","10":"sale","11":"taxable","12":"shipping-taxable","13":"purchasable","14":"product-type-simple"},"_links":{"self":[{"href":"https:\/\/www.orearts.com\/ar\/wp-json\/wp\/v2\/product\/5887","targetHints":{"allow":["GET"]}}],"collection":[{"href":"https:\/\/www.orearts.com\/ar\/wp-json\/wp\/v2\/product"}],"about":[{"href":"https:\/\/www.orearts.com\/ar\/wp-json\/wp\/v2\/types\/product"}],"replies":[{"embeddable":true,"href":"https:\/\/www.orearts.com\/ar\/wp-json\/wp\/v2\/comments?post=5887"}],"version-history":[{"count":3,"href":"https:\/\/www.orearts.com\/ar\/wp-json\/wp\/v2\/product\/5887\/revisions"}],"predecessor-version":[{"id":6084,"href":"https:\/\/www.orearts.com\/ar\/wp-json\/wp\/v2\/product\/5887\/revisions\/6084"}],"wp:featuredmedia":[{"embeddable":true,"href":"https:\/\/www.orearts.com\/ar\/wp-json\/wp\/v2\/media\/5893"}],"wp:attachment":[{"href":"https:\/\/www.orearts.com\/ar\/wp-json\/wp\/v2\/media?parent=5887"}],"wp:term":[{"taxonomy":"brand","embeddable":true,"href":"https:\/\/www.orearts.com\/ar\/wp-json\/wp\/v2\/etheme_brands?post=5887"},{"taxonomy":"product_brand","embeddable":true,"href":"https:\/\/www.orearts.com\/ar\/wp-json\/wp\/v2\/product_brand?post=5887"},{"taxonomy":"product_cat","embeddable":true,"href":"https:\/\/www.orearts.com\/ar\/wp-json\/wp\/v2\/product_cat?post=5887"},{"taxonomy":"product_tag","embeddable":true,"href":"https:\/\/www.orearts.com\/ar\/wp-json\/wp\/v2\/product_tag?post=5887"}],"curies":[{"name":"wp","href":"https:\/\/api.w.org\/{rel}","templated":true}]}}