{"id":5783,"date":"2024-09-13T07:40:37","date_gmt":"2024-09-13T07:40:37","guid":{"rendered":"https:\/\/www.orearts.com\/?post_type=product&#038;p=5783"},"modified":"2024-10-21T13:37:45","modified_gmt":"2024-10-21T13:37:45","slug":"ahsap-duvar-vazosu-ile-sicak-dekor-dokunusu","status":"publish","type":"product","link":"https:\/\/www.orearts.com\/ar\/ahsap-duvar-vazosu-ile-sicak-dekor-dokunusu\/","title":{"rendered":"Ah\u015fap Duvar Vazosu ile S\u0131cak Dekor Dokunu\u015fu"},"content":{"rendered":"<p>Bu \u015f\u0131k ah\u015fap duvar vazosu, i\u00e7 mek\u00e2nlara zarif ve s\u0131cak bir atmosfer katar. Do\u011fal ah\u015fap yap\u0131s\u0131 ve turuncu-beyaz renkli kurutulmu\u015f \u00e7i\u00e7ekleriyle, her t\u00fcrl\u00fc dekorasyon tarz\u0131na uyum sa\u011flar. Hem minimal hem de sofistike bir g\u00f6r\u00fcn\u00fcm sunar.<\/p>\n<ul>\n<li><strong>Malzeme:<\/strong> Do\u011fal ah\u015fap g\u00f6vde<\/li>\n<li><strong>\u0130\u00e7erik:<\/strong> Turuncu ve beyaz kurutulmu\u015f \u00e7i\u00e7ekler<\/li>\n<li><strong>Kullan\u0131m Alan\u0131:<\/strong> Oturma odas\u0131, ofis, yatak odas\u0131, kafe dekorasyonu<\/li>\n<li><strong>Bak\u0131m:<\/strong> Nemli bezle silinmesi \u00f6nerilir<\/li>\n<\/ul>\n<h2><strong>KUTU \u0130\u00c7ER\u0130\u011e\u0130:<\/strong><\/h2>\n<p>1 Adet Ah\u015fap Koyu duvar vazosu<br \/>\n1 demet Kurutulmu\u015f \u00c7i\u00e7ek<\/p>","protected":false},"excerpt":{"rendered":"<p>Bu \u015f\u0131k ah\u015fap duvar vazosu, i\u00e7 mek\u00e2nlara zarif ve s\u0131cak bir atmosfer katar. Do\u011fal ah\u015fap yap\u0131s\u0131 ve turuncu-beyaz renkli kurutulmu\u015f \u00e7i\u00e7ekleriyle, her t\u00fcrl\u00fc dekorasyon tarz\u0131na&#8230;<\/p>","protected":false},"featured_media":5784,"comment_status":"open","ping_status":"closed","template":"","meta":[],"etheme_brands":[],"product_brand":[],"product_cat":[182],"product_tag":[],"class_list":{"0":"post-5783","1":"product","2":"type-product","3":"status-publish","4":"has-post-thumbnail","6":"product_cat-duvar-cicek-vazolari","8":"first","9":"instock","10":"taxable","11":"shipping-taxable","12":"purchasable","13":"product-type-simple"},"_links":{"self":[{"href":"https:\/\/www.orearts.com\/ar\/wp-json\/wp\/v2\/product\/5783","targetHints":{"allow":["GET"]}}],"collection":[{"href":"https:\/\/www.orearts.com\/ar\/wp-json\/wp\/v2\/product"}],"about":[{"href":"https:\/\/www.orearts.com\/ar\/wp-json\/wp\/v2\/types\/product"}],"replies":[{"embeddable":true,"href":"https:\/\/www.orearts.com\/ar\/wp-json\/wp\/v2\/comments?post=5783"}],"version-history":[{"count":3,"href":"https:\/\/www.orearts.com\/ar\/wp-json\/wp\/v2\/product\/5783\/revisions"}],"predecessor-version":[{"id":6245,"href":"https:\/\/www.orearts.com\/ar\/wp-json\/wp\/v2\/product\/5783\/revisions\/6245"}],"wp:featuredmedia":[{"embeddable":true,"href":"https:\/\/www.orearts.com\/ar\/wp-json\/wp\/v2\/media\/5784"}],"wp:attachment":[{"href":"https:\/\/www.orearts.com\/ar\/wp-json\/wp\/v2\/media?parent=5783"}],"wp:term":[{"taxonomy":"brand","embeddable":true,"href":"https:\/\/www.orearts.com\/ar\/wp-json\/wp\/v2\/etheme_brands?post=5783"},{"taxonomy":"product_brand","embeddable":true,"href":"https:\/\/www.orearts.com\/ar\/wp-json\/wp\/v2\/product_brand?post=5783"},{"taxonomy":"product_cat","embeddable":true,"href":"https:\/\/www.orearts.com\/ar\/wp-json\/wp\/v2\/product_cat?post=5783"},{"taxonomy":"product_tag","embeddable":true,"href":"https:\/\/www.orearts.com\/ar\/wp-json\/wp\/v2\/product_tag?post=5783"}],"curies":[{"name":"wp","href":"https:\/\/api.w.org\/{rel}","templated":true}]}}