{"id":5664,"date":"2024-08-26T12:25:36","date_gmt":"2024-08-26T12:25:36","guid":{"rendered":"https:\/\/www.orearts.com\/?post_type=product&#038;p=5664"},"modified":"2024-08-26T13:37:39","modified_gmt":"2024-08-26T13:37:39","slug":"supurge-otu-nar-cicegi","status":"publish","type":"product","link":"https:\/\/www.orearts.com\/ar\/supurge-otu-nar-cicegi\/","title":{"rendered":"S\u00fcp\u00fcrge Otu Nar \u00e7i\u00e7e\u011fi"},"content":{"rendered":"","protected":false},"excerpt":{"rendered":"","protected":false},"featured_media":5711,"comment_status":"open","ping_status":"closed","template":"","meta":[],"etheme_brands":[],"product_brand":[],"product_cat":[183],"product_tag":[],"class_list":{"0":"post-5664","1":"product","2":"type-product","3":"status-publish","4":"has-post-thumbnail","6":"product_cat-kurutulmus-cicekler","8":"first","9":"instock","10":"taxable","11":"shipping-taxable","12":"product-type-simple"},"_links":{"self":[{"href":"https:\/\/www.orearts.com\/ar\/wp-json\/wp\/v2\/product\/5664","targetHints":{"allow":["GET"]}}],"collection":[{"href":"https:\/\/www.orearts.com\/ar\/wp-json\/wp\/v2\/product"}],"about":[{"href":"https:\/\/www.orearts.com\/ar\/wp-json\/wp\/v2\/types\/product"}],"replies":[{"embeddable":true,"href":"https:\/\/www.orearts.com\/ar\/wp-json\/wp\/v2\/comments?post=5664"}],"version-history":[{"count":1,"href":"https:\/\/www.orearts.com\/ar\/wp-json\/wp\/v2\/product\/5664\/revisions"}],"predecessor-version":[{"id":5665,"href":"https:\/\/www.orearts.com\/ar\/wp-json\/wp\/v2\/product\/5664\/revisions\/5665"}],"wp:featuredmedia":[{"embeddable":true,"href":"https:\/\/www.orearts.com\/ar\/wp-json\/wp\/v2\/media\/5711"}],"wp:attachment":[{"href":"https:\/\/www.orearts.com\/ar\/wp-json\/wp\/v2\/media?parent=5664"}],"wp:term":[{"taxonomy":"brand","embeddable":true,"href":"https:\/\/www.orearts.com\/ar\/wp-json\/wp\/v2\/etheme_brands?post=5664"},{"taxonomy":"product_brand","embeddable":true,"href":"https:\/\/www.orearts.com\/ar\/wp-json\/wp\/v2\/product_brand?post=5664"},{"taxonomy":"product_cat","embeddable":true,"href":"https:\/\/www.orearts.com\/ar\/wp-json\/wp\/v2\/product_cat?post=5664"},{"taxonomy":"product_tag","embeddable":true,"href":"https:\/\/www.orearts.com\/ar\/wp-json\/wp\/v2\/product_tag?post=5664"}],"curies":[{"name":"wp","href":"https:\/\/api.w.org\/{rel}","templated":true}]}}