{"id":5347,"date":"2024-07-12T16:19:45","date_gmt":"2024-07-12T16:19:45","guid":{"rendered":"https:\/\/www.orearts.com\/?post_type=product&#038;p=5347"},"modified":"2024-10-21T13:28:41","modified_gmt":"2024-10-21T13:28:41","slug":"dogal-ahsap-vazo-ile-sade-ve-zarif-dokunus","status":"publish","type":"product","link":"https:\/\/www.orearts.com\/ar\/dogal-ahsap-vazo-ile-sade-ve-zarif-dokunus\/","title":{"rendered":"Do\u011fal Ah\u015fap Vazo ile Sade ve Zarif Dokunu\u015f"},"content":{"rendered":"<p>Bu do\u011fal ah\u015fap vazo, minimalist bir estetik anlay\u0131\u015f\u0131 ile dekorasyonunuza huzurlu bir hava katar. \u00d6zenle se\u00e7ilmi\u015f ah\u015fap dokusu ve i\u00e7indeki kurutulmu\u015f \u00e7i\u00e7ekler, hem modern hem de klasik mekanlarda uyum sa\u011flar. Pencerelerde, raflarda veya masalarda \u015f\u0131kl\u0131\u011f\u0131 ve do\u011fall\u0131\u011f\u0131 bir araya getirir.<\/p>\n<ul>\n<li><strong>Malzeme:<\/strong> Y\u00fcksek kaliteli do\u011fal ah\u015fap<\/li>\n<li><strong>\u0130\u00e7erik:<\/strong> Kurutulmu\u015f \u00e7i\u00e7eklerle zenginle\u015ftirilmi\u015f tasar\u0131m<\/li>\n<li><strong>Kullan\u0131m Alan\u0131:<\/strong> Ev, ofis, restoran ve oteller i\u00e7in ideal dekoratif \u00f6\u011fe<\/li>\n<li><strong>Bak\u0131m:<\/strong> Nemli bir bezle silinerek temizlenebilir<\/li>\n<\/ul>\n<p>&nbsp;<\/p>\n<p style=\"text-align: left;\"><strong>KUTU \u0130\u00c7ER\u0130\u011e\u0130<\/strong><\/p>\n<p style=\"text-align: left;\"><strong>1 Adet Dikey Vazo<\/strong><br \/>\n<strong>1 demet Kurutulmu\u015f \u00c7i\u00e7ek<\/strong><\/p>","protected":false},"excerpt":{"rendered":"<p>Bu do\u011fal ah\u015fap vazo, minimalist bir estetik anlay\u0131\u015f\u0131 ile dekorasyonunuza huzurlu bir hava katar. \u00d6zenle se\u00e7ilmi\u015f ah\u015fap dokusu ve i\u00e7indeki kurutulmu\u015f \u00e7i\u00e7ekler, hem modern hem&#8230;<\/p>","protected":false},"featured_media":5351,"comment_status":"open","ping_status":"closed","template":"","meta":[],"etheme_brands":[],"product_brand":[],"product_cat":[179],"product_tag":[],"class_list":{"0":"post-5347","1":"product","2":"type-product","3":"status-publish","4":"has-post-thumbnail","6":"product_cat-masa-ustu-mini-vazolar","8":"first","9":"instock","10":"taxable","11":"shipping-taxable","12":"purchasable","13":"product-type-simple"},"_links":{"self":[{"href":"https:\/\/www.orearts.com\/ar\/wp-json\/wp\/v2\/product\/5347","targetHints":{"allow":["GET"]}}],"collection":[{"href":"https:\/\/www.orearts.com\/ar\/wp-json\/wp\/v2\/product"}],"about":[{"href":"https:\/\/www.orearts.com\/ar\/wp-json\/wp\/v2\/types\/product"}],"replies":[{"embeddable":true,"href":"https:\/\/www.orearts.com\/ar\/wp-json\/wp\/v2\/comments?post=5347"}],"version-history":[{"count":4,"href":"https:\/\/www.orearts.com\/ar\/wp-json\/wp\/v2\/product\/5347\/revisions"}],"predecessor-version":[{"id":6237,"href":"https:\/\/www.orearts.com\/ar\/wp-json\/wp\/v2\/product\/5347\/revisions\/6237"}],"wp:featuredmedia":[{"embeddable":true,"href":"https:\/\/www.orearts.com\/ar\/wp-json\/wp\/v2\/media\/5351"}],"wp:attachment":[{"href":"https:\/\/www.orearts.com\/ar\/wp-json\/wp\/v2\/media?parent=5347"}],"wp:term":[{"taxonomy":"brand","embeddable":true,"href":"https:\/\/www.orearts.com\/ar\/wp-json\/wp\/v2\/etheme_brands?post=5347"},{"taxonomy":"product_brand","embeddable":true,"href":"https:\/\/www.orearts.com\/ar\/wp-json\/wp\/v2\/product_brand?post=5347"},{"taxonomy":"product_cat","embeddable":true,"href":"https:\/\/www.orearts.com\/ar\/wp-json\/wp\/v2\/product_cat?post=5347"},{"taxonomy":"product_tag","embeddable":true,"href":"https:\/\/www.orearts.com\/ar\/wp-json\/wp\/v2\/product_tag?post=5347"}],"curies":[{"name":"wp","href":"https:\/\/api.w.org\/{rel}","templated":true}]}}