{"id":5300,"date":"2024-07-12T16:01:22","date_gmt":"2024-07-12T16:01:22","guid":{"rendered":"https:\/\/www.orearts.com\/?post_type=product&#038;p=5300"},"modified":"2024-10-21T13:30:47","modified_gmt":"2024-10-21T13:30:47","slug":"zikzak-ahsap-cercevede-renkli-kurutulmus-bitki-dekoru","status":"publish","type":"product","link":"https:\/\/www.orearts.com\/ar\/zikzak-ahsap-cercevede-renkli-kurutulmus-bitki-dekoru\/","title":{"rendered":"Zikzak Ah\u015fap \u00c7er\u00e7evede Renkli Kurutulmu\u015f Bitki Dekoru"},"content":{"rendered":"<p>Bu modern zikzak desenli ah\u015fap \u00e7er\u00e7eve, i\u00e7ine yerle\u015ftirilen renkli kurutulmu\u015f bitkilerle duvarlar\u0131n\u0131za hayat katar. S\u0131cak ah\u015fap dokusu ve dikkat \u00e7ekici renk tonlar\u0131, her ortama dinamik bir atmosfer kazand\u0131r\u0131r. Hem estetik hem de fonksiyonel olan bu dekor, minimalist veya rustik tasar\u0131mlar\u0131n\u0131za uyum sa\u011flar.<\/p>\n<ul>\n<li><strong>Malzeme:<\/strong> Do\u011fal ah\u015fap \u00e7er\u00e7eve<\/li>\n<li><strong>\u0130\u00e7erik:<\/strong> \u00c7e\u015fitli renklerde kurutulmu\u015f bitki aranjmanlar\u0131<\/li>\n<li><strong>Kullan\u0131m Alan\u0131:<\/strong> Duvar dekorasyonu i\u00e7in ev, ofis ve kafeler<\/li>\n<li><strong>Bak\u0131m:<\/strong> Tozdan ar\u0131nd\u0131rmak i\u00e7in hafif bir bez ile silin<\/li>\n<\/ul>\n<p><strong>KUTU \u0130\u00c7ER\u0130\u011e\u0130:<\/strong><\/p>\n<p>1 Adet Zigzag \u00e7i\u00e7eklik<br \/>\n1 demet Kurutulmu\u015f \u00c7i\u00e7ek<\/p>","protected":false},"excerpt":{"rendered":"<p>Bu modern zikzak desenli ah\u015fap \u00e7er\u00e7eve, i\u00e7ine yerle\u015ftirilen renkli kurutulmu\u015f bitkilerle duvarlar\u0131n\u0131za hayat katar. S\u0131cak ah\u015fap dokusu ve dikkat \u00e7ekici renk tonlar\u0131, her ortama dinamik&#8230;<\/p>","protected":false},"featured_media":4635,"comment_status":"open","ping_status":"closed","template":"","meta":[],"etheme_brands":[],"product_brand":[],"product_cat":[182],"product_tag":[],"class_list":{"0":"post-5300","1":"product","2":"type-product","3":"status-publish","4":"has-post-thumbnail","6":"product_cat-duvar-cicek-vazolari","8":"first","9":"instock","10":"taxable","11":"shipping-taxable","12":"purchasable","13":"product-type-simple"},"_links":{"self":[{"href":"https:\/\/www.orearts.com\/ar\/wp-json\/wp\/v2\/product\/5300","targetHints":{"allow":["GET"]}}],"collection":[{"href":"https:\/\/www.orearts.com\/ar\/wp-json\/wp\/v2\/product"}],"about":[{"href":"https:\/\/www.orearts.com\/ar\/wp-json\/wp\/v2\/types\/product"}],"replies":[{"embeddable":true,"href":"https:\/\/www.orearts.com\/ar\/wp-json\/wp\/v2\/comments?post=5300"}],"version-history":[{"count":6,"href":"https:\/\/www.orearts.com\/ar\/wp-json\/wp\/v2\/product\/5300\/revisions"}],"predecessor-version":[{"id":6239,"href":"https:\/\/www.orearts.com\/ar\/wp-json\/wp\/v2\/product\/5300\/revisions\/6239"}],"wp:featuredmedia":[{"embeddable":true,"href":"https:\/\/www.orearts.com\/ar\/wp-json\/wp\/v2\/media\/4635"}],"wp:attachment":[{"href":"https:\/\/www.orearts.com\/ar\/wp-json\/wp\/v2\/media?parent=5300"}],"wp:term":[{"taxonomy":"brand","embeddable":true,"href":"https:\/\/www.orearts.com\/ar\/wp-json\/wp\/v2\/etheme_brands?post=5300"},{"taxonomy":"product_brand","embeddable":true,"href":"https:\/\/www.orearts.com\/ar\/wp-json\/wp\/v2\/product_brand?post=5300"},{"taxonomy":"product_cat","embeddable":true,"href":"https:\/\/www.orearts.com\/ar\/wp-json\/wp\/v2\/product_cat?post=5300"},{"taxonomy":"product_tag","embeddable":true,"href":"https:\/\/www.orearts.com\/ar\/wp-json\/wp\/v2\/product_tag?post=5300"}],"curies":[{"name":"wp","href":"https:\/\/api.w.org\/{rel}","templated":true}]}}