{"id":5228,"date":"2024-07-12T14:02:29","date_gmt":"2024-07-12T14:02:29","guid":{"rendered":"https:\/\/www.orearts.com\/?post_type=product&#038;p=5228"},"modified":"2024-10-21T12:30:37","modified_gmt":"2024-10-21T12:30:37","slug":"koyu-ahsap-saksi-mini-vazo","status":"publish","type":"product","link":"https:\/\/www.orearts.com\/ar\/koyu-ahsap-saksi-mini-vazo\/","title":{"rendered":"Rustik Ah\u015fap Vazo ile Sofra Dekorasyonuna Do\u011fal Dokunu\u015f"},"content":{"rendered":"<p>Bu kompakt ve \u015f\u0131k ah\u015fap vazo, masa d\u00fczeninize do\u011fadan ilham alarak zarif bir dokunu\u015f katar. Minimal tasar\u0131m\u0131 ve rustik yap\u0131s\u0131yla, hem g\u00fcnl\u00fck kullan\u0131m hem de \u00f6zel davetlerde dikkat \u00e7ekici bir dekoratif par\u00e7a olur. Kurutulmu\u015f bitkilerle m\u00fckemmel uyum sa\u011flayan bu zarif vazo, sofralar\u0131n\u0131za s\u0131cakl\u0131k ve samimiyet katar.<\/p>\n<ul>\n<li><strong>Malzeme:<\/strong> Do\u011fal koyu tonlarda ah\u015fap g\u00f6vde.<\/li>\n<li><strong>Kullan\u0131m Alan\u0131:<\/strong> Sofra d\u00fczeni, masa dekorasyonu, \u00f6zel davetlerde \u015f\u0131k sunum.<\/li>\n<li><strong>Boyut:<\/strong> Kompakt ve zarif tasar\u0131m\u0131yla dar alanlarda bile kullan\u0131m kolayl\u0131\u011f\u0131 sa\u011flar.<\/li>\n<li><strong>\u00c7ok Y\u00f6nl\u00fcl\u00fck:<\/strong> Bitkiler, otlar ve \u00e7i\u00e7eklerle kusursuz uyum yakalar.<\/li>\n<\/ul>\n<p><strong>KUTU \u0130\u00c7ER\u0130\u011e\u0130:<\/strong><br \/>\n1 Adet Ah\u015fap Saks\u0131 MiniVazo<br \/>\n1 Adet Cam T\u00fcp<br \/>\n1 Demet Kurutulmu\u015f \u00c7i\u00e7ek<\/p>","protected":false},"excerpt":{"rendered":"<p>Bu kompakt ve \u015f\u0131k ah\u015fap vazo, masa d\u00fczeninize do\u011fadan ilham alarak zarif bir dokunu\u015f katar. Minimal tasar\u0131m\u0131 ve rustik yap\u0131s\u0131yla, hem g\u00fcnl\u00fck kullan\u0131m hem de&#8230;<\/p>","protected":false},"featured_media":5231,"comment_status":"open","ping_status":"closed","template":"","meta":[],"etheme_brands":[],"product_brand":[],"product_cat":[179],"product_tag":[],"class_list":{"0":"post-5228","1":"product","2":"type-product","3":"status-publish","4":"has-post-thumbnail","6":"product_cat-masa-ustu-mini-vazolar","8":"first","9":"instock","10":"taxable","11":"shipping-taxable","12":"purchasable","13":"product-type-simple"},"_links":{"self":[{"href":"https:\/\/www.orearts.com\/ar\/wp-json\/wp\/v2\/product\/5228","targetHints":{"allow":["GET"]}}],"collection":[{"href":"https:\/\/www.orearts.com\/ar\/wp-json\/wp\/v2\/product"}],"about":[{"href":"https:\/\/www.orearts.com\/ar\/wp-json\/wp\/v2\/types\/product"}],"replies":[{"embeddable":true,"href":"https:\/\/www.orearts.com\/ar\/wp-json\/wp\/v2\/comments?post=5228"}],"version-history":[{"count":4,"href":"https:\/\/www.orearts.com\/ar\/wp-json\/wp\/v2\/product\/5228\/revisions"}],"predecessor-version":[{"id":6206,"href":"https:\/\/www.orearts.com\/ar\/wp-json\/wp\/v2\/product\/5228\/revisions\/6206"}],"wp:featuredmedia":[{"embeddable":true,"href":"https:\/\/www.orearts.com\/ar\/wp-json\/wp\/v2\/media\/5231"}],"wp:attachment":[{"href":"https:\/\/www.orearts.com\/ar\/wp-json\/wp\/v2\/media?parent=5228"}],"wp:term":[{"taxonomy":"brand","embeddable":true,"href":"https:\/\/www.orearts.com\/ar\/wp-json\/wp\/v2\/etheme_brands?post=5228"},{"taxonomy":"product_brand","embeddable":true,"href":"https:\/\/www.orearts.com\/ar\/wp-json\/wp\/v2\/product_brand?post=5228"},{"taxonomy":"product_cat","embeddable":true,"href":"https:\/\/www.orearts.com\/ar\/wp-json\/wp\/v2\/product_cat?post=5228"},{"taxonomy":"product_tag","embeddable":true,"href":"https:\/\/www.orearts.com\/ar\/wp-json\/wp\/v2\/product_tag?post=5228"}],"curies":[{"name":"wp","href":"https:\/\/api.w.org\/{rel}","templated":true}]}}